{"id":20,"date":"2020-03-25T19:14:26","date_gmt":"2020-03-25T19:14:26","guid":{"rendered":"http:\/\/st-vitus-teisbach.de\/?page_id=20"},"modified":"2024-03-21T20:08:56","modified_gmt":"2024-03-21T20:08:56","slug":"impressum","status":"publish","type":"page","link":"https:\/\/st-vitus-teisbach.de\/?page_id=20","title":{"rendered":"Impressum"},"content":{"rendered":"\n<p><strong>Impressum<\/strong><\/p>\n\n\n\n<p>Pfarrei St. Vitus Teisbach<br>Kirchplatz 3  <br>Teisbach<br>84130 Dingolfing <\/p>\n\n\n\n<p><\/p>\n\n\n\n<p>Tel. +49\n8731 60686<br>\nFax +49 8731 312191<\/p>\n\n\n\n<p>E-Mail: <a href=\"mailto:teisbach@bistum-regensburg.de\">teisbach@bistum-regensburg.de<\/a><\/p>\n\n\n\n<p><strong>Konzeption,\nProgrammierung und Gestaltung<\/strong><\/p>\n\n\n\n<p>Manfred Bauer<br>Teisbach<\/p>\n\n\n\n<p><strong>Vertretung<\/strong><\/p>\n\n\n\n<p>Die Di\u00f6zese\nRegensburg \u2013 K\u00f6rperschaft des \u00f6ffentlichen Rechts \u2013 wird vertreten durch den\nGeneralvikar H.H. Pr\u00e4lat Michael Fuchs.<\/p>\n\n\n\n<p><strong>Hinweis zur\nProblematik von externen Links:<\/strong><\/p>\n\n\n\n<p>Die\naufgef\u00fchrten Kath. Pfarrkirchenstiftungen sind als Inhaltsanbieter nach \u00a7 7\nAbs.1 Telemediengesetz f\u00fcr die \u201ceigenen Inhalte\u201d, die er zur Nutzung\nbereith\u00e4lt, nach den allgemeinen Gesetzen verantwortlich. Von diesen eigenen\nInhalten sind Querverweise (\u201cLinks\u201d) auf die von anderen Anbietern\nbereitgehaltenen Inhalte zu unterscheiden. Durch den Querverweis halten die\naufgef\u00fchrten Kath. Pfarrkirchenstiftungen insofern \u201cfremde Inhalte\u201d zur Nutzung\nbereit, die in dieser Weise gekennzeichnet sind:<\/p>\n\n\n\n<p>Bei \u201cLinks\u201d\nhandelt es sich stets um \u201clebende\u201d (dynamische) Verweisungen. Die aufgef\u00fchrten\nKath. Pfarrkirchenstiftungen haben bei der erstmaligen Verkn\u00fcpfung zwar den\nfremden Inhalt daraufhin \u00fcberpr\u00fcft, ob durch ihn eine m\u00f6gliche zivilrechtliche\noder strafrechtliche Verantwortlichkeit ausgel\u00f6st wird. Sie \u00fcberpr\u00fcfen aber die\nInhalte, auf die sie in ihrem Angebot verweisen, nicht st\u00e4ndig auf\nVer\u00e4nderungen, die eine Verantwortlichkeit neu begr\u00fcnden k\u00f6nnten. Wenn sie\nfeststellen oder von anderen darauf hingewiesen wird, dass ein konkretes\nAngebot, zu dem sie einen Link bereitgestellt haben, eine zivil- oder\nstrafrechtliche Verantwortlichkeit ausl\u00f6st, werden sie den Verweis auf dieses\nAngebot aufheben.<\/p>\n\n\n\n<p><strong>Urheberrecht:<\/strong><\/p>\n\n\n\n<p>S\u00e4mtliche in\nden digitalen Medien der Pfarrei St. Vitus Teisbach ver\u00f6ffentlichten Inhalte\nsind urheberrechtlich oder durch sonstige Rechte gesch\u00fctzt. Die Nutzungsrechte\nstehen den aufgef\u00fchrten Kath. Pfarrkirchenstiftungen, den Gruppen,\nOrganisationen und Initiativen in der Pfarrei oder ihren Lizenzgebern zu. Ohne\nvorherige schriftliche Genehmigung sind Nutzungen der Inhalte insgesamt oder in\nTeilen unzul\u00e4ssig. Die Genehmigung der Nutzung kann bei den Rechteinhabern\nerbeten werden. Eine Genehmigung reicht nur so weit, wie der Pfarrei St. Vitus\nTeisbach, ihren Gruppen, Organisationen und Initiativen Rechte \u00fcbertragen\nwurden.<\/p>\n\n\n\n<p>Plattform\nder Europ\u00e4ischen Kommission zur Online-Streitbeilegung (OS) f\u00fcr\nVerbraucher:&nbsp;https:\/\/ec.europa.eu\/consumers\/odr\/. Wir sind nicht bereit\nund nicht verpflichtet an einem Streitbeilegungsverfahren vor einer\nVerbraucherschlichtungsstelle teilzunehmen.<\/p>\n\n\n<p><!--EndFragment--><\/p><div class=\"pvc_clear\"><\/div><p id=\"pvc_stats_20\" class=\"pvc_stats all  \" data-element-id=\"20\" style=\"\"><i class=\"pvc-stats-icon medium\" aria-hidden=\"true\"><svg aria-hidden=\"true\" focusable=\"false\" data-prefix=\"far\" data-icon=\"chart-bar\" role=\"img\" xmlns=\"http:\/\/www.w3.org\/2000\/svg\" viewBox=\"0 0 512 512\" class=\"svg-inline--fa fa-chart-bar fa-w-16 fa-2x\"><path fill=\"currentColor\" d=\"M396.8 352h22.4c6.4 0 12.8-6.4 12.8-12.8V108.8c0-6.4-6.4-12.8-12.8-12.8h-22.4c-6.4 0-12.8 6.4-12.8 12.8v230.4c0 6.4 6.4 12.8 12.8 12.8zm-192 0h22.4c6.4 0 12.8-6.4 12.8-12.8V140.8c0-6.4-6.4-12.8-12.8-12.8h-22.4c-6.4 0-12.8 6.4-12.8 12.8v198.4c0 6.4 6.4 12.8 12.8 12.8zm96 0h22.4c6.4 0 12.8-6.4 12.8-12.8V204.8c0-6.4-6.4-12.8-12.8-12.8h-22.4c-6.4 0-12.8 6.4-12.8 12.8v134.4c0 6.4 6.4 12.8 12.8 12.8zM496 400H48V80c0-8.84-7.16-16-16-16H16C7.16 64 0 71.16 0 80v336c0 17.67 14.33 32 32 32h464c8.84 0 16-7.16 16-16v-16c0-8.84-7.16-16-16-16zm-387.2-48h22.4c6.4 0 12.8-6.4 12.8-12.8v-70.4c0-6.4-6.4-12.8-12.8-12.8h-22.4c-6.4 0-12.8 6.4-12.8 12.8v70.4c0 6.4 6.4 12.8 12.8 12.8z\" class=\"\"><\/path><\/svg><\/i> <img loading=\"lazy\" decoding=\"async\" width=\"16\" height=\"16\" alt=\"Loading\" src=\"https:\/\/st-vitus-teisbach.de\/wp-content\/plugins\/page-views-count\/ajax-loader-2x.gif\" border=0 \/><\/p><div class=\"pvc_clear\"><\/div>","protected":false},"excerpt":{"rendered":"<p>Impressum Pfarrei St. Vitus TeisbachKirchplatz 3 Teisbach84130 Dingolfing Tel. +49 8731 60686 Fax +49 8731 312191 E-Mail: teisbach@bistum-regensburg.de Konzeption, Programmierung und Gestaltung Manfred BauerTeisbach Vertretung Die Di\u00f6zese Regensburg \u2013 K\u00f6rperschaft des \u00f6ffentlichen Rechts \u2013 wird vertreten durch den Generalvikar H.H. Pr\u00e4lat Michael Fuchs. Hinweis zur Problematik von externen Links: Die aufgef\u00fchrten Kath. Pfarrkirchenstiftungen sind als [&hellip;]<\/p>\n<div class=\"pvc_clear\"><\/div>\n<p id=\"pvc_stats_20\" class=\"pvc_stats all  \" data-element-id=\"20\" style=\"\"><i class=\"pvc-stats-icon medium\" aria-hidden=\"true\"><svg aria-hidden=\"true\" focusable=\"false\" data-prefix=\"far\" data-icon=\"chart-bar\" role=\"img\" xmlns=\"http:\/\/www.w3.org\/2000\/svg\" viewBox=\"0 0 512 512\" class=\"svg-inline--fa fa-chart-bar fa-w-16 fa-2x\"><path fill=\"currentColor\" d=\"M396.8 352h22.4c6.4 0 12.8-6.4 12.8-12.8V108.8c0-6.4-6.4-12.8-12.8-12.8h-22.4c-6.4 0-12.8 6.4-12.8 12.8v230.4c0 6.4 6.4 12.8 12.8 12.8zm-192 0h22.4c6.4 0 12.8-6.4 12.8-12.8V140.8c0-6.4-6.4-12.8-12.8-12.8h-22.4c-6.4 0-12.8 6.4-12.8 12.8v198.4c0 6.4 6.4 12.8 12.8 12.8zm96 0h22.4c6.4 0 12.8-6.4 12.8-12.8V204.8c0-6.4-6.4-12.8-12.8-12.8h-22.4c-6.4 0-12.8 6.4-12.8 12.8v134.4c0 6.4 6.4 12.8 12.8 12.8zM496 400H48V80c0-8.84-7.16-16-16-16H16C7.16 64 0 71.16 0 80v336c0 17.67 14.33 32 32 32h464c8.84 0 16-7.16 16-16v-16c0-8.84-7.16-16-16-16zm-387.2-48h22.4c6.4 0 12.8-6.4 12.8-12.8v-70.4c0-6.4-6.4-12.8-12.8-12.8h-22.4c-6.4 0-12.8 6.4-12.8 12.8v70.4c0 6.4 6.4 12.8 12.8 12.8z\" class=\"\"><\/path><\/svg><\/i> <img loading=\"lazy\" decoding=\"async\" width=\"16\" height=\"16\" alt=\"Loading\" src=\"https:\/\/st-vitus-teisbach.de\/wp-content\/plugins\/page-views-count\/ajax-loader-2x.gif\" border=0 \/><\/p>\n<div class=\"pvc_clear\"><\/div>\n","protected":false},"author":1,"featured_media":0,"parent":0,"menu_order":0,"comment_status":"closed","ping_status":"closed","template":"","meta":{"ngg_post_thumbnail":0,"footnotes":""},"class_list":["post-20","page","type-page","status-publish","hentry"],"a3_pvc":{"activated":true,"total_views":4746,"today_views":1},"_links":{"self":[{"href":"https:\/\/st-vitus-teisbach.de\/index.php?rest_route=\/wp\/v2\/pages\/20","targetHints":{"allow":["GET"]}}],"collection":[{"href":"https:\/\/st-vitus-teisbach.de\/index.php?rest_route=\/wp\/v2\/pages"}],"about":[{"href":"https:\/\/st-vitus-teisbach.de\/index.php?rest_route=\/wp\/v2\/types\/page"}],"author":[{"embeddable":true,"href":"https:\/\/st-vitus-teisbach.de\/index.php?rest_route=\/wp\/v2\/users\/1"}],"replies":[{"embeddable":true,"href":"https:\/\/st-vitus-teisbach.de\/index.php?rest_route=%2Fwp%2Fv2%2Fcomments&post=20"}],"version-history":[{"count":2,"href":"https:\/\/st-vitus-teisbach.de\/index.php?rest_route=\/wp\/v2\/pages\/20\/revisions"}],"predecessor-version":[{"id":1434,"href":"https:\/\/st-vitus-teisbach.de\/index.php?rest_route=\/wp\/v2\/pages\/20\/revisions\/1434"}],"wp:attachment":[{"href":"https:\/\/st-vitus-teisbach.de\/index.php?rest_route=%2Fwp%2Fv2%2Fmedia&parent=20"}],"curies":[{"name":"wp","href":"https:\/\/api.w.org\/{rel}","templated":true}]}}